{"id":51,"date":"2020-03-21T19:13:45","date_gmt":"2020-03-21T19:13:45","guid":{"rendered":"https:\/\/gabinete.net\/?page_id=51"},"modified":"2025-11-12T10:49:28","modified_gmt":"2025-11-12T10:49:28","slug":"historia","status":"publish","type":"page","link":"https:\/\/gabinete.net\/es\/historia\/","title":{"rendered":"Historia"},"content":{"rendered":"<div id='av_section_1'  class='avia-section main_color avia-section-default avia-no-border-styling  avia-full-stretch av-section-color-overlay-active avia-bg-style-scroll  avia-builder-el-0  el_before_av_section  avia-builder-el-first   av-minimum-height av-minimum-height-custom  container_wrap fullsize' style='background-repeat: no-repeat; background-image: url(https:\/\/gabinete.net\/wp-content\/uploads\/2020\/03\/gabinete-historia-main.jpg);background-attachment: scroll; background-position: center center;  '  data-section-bg-repeat='stretch'><div class='av-section-color-overlay-wrap'><div class='av-section-color-overlay' style='opacity: 0.4; background-color: #1a1a1a; '><\/div><div class='container' style='height:400px'><main  role=\"main\" itemprop=\"mainContentOfPage\"  class='template-page content  av-content-full alpha units'><div class='post-entry post-entry-type-page post-entry-51'><div class='entry-content-wrapper clearfix'>\n<div  style='padding-bottom:10px; color:#ffffff;font-size:55px;' class='av-special-heading av-special-heading-h1 custom-color-heading blockquote modern-quote modern-centered  avia-builder-el-1  avia-builder-el-no-sibling  av-inherit-size '><h1 class='av-special-heading-tag '  itemprop=\"headline\"  >Historia<\/h1><div class ='av-subheading av-subheading_below av_custom_color ' style='font-size:22px;'><p>Un despacho con experiencia<\/p>\n<\/div><div class='special-heading-border'><div class='special-heading-inner-border' style='border-color:#ffffff'><\/div><\/div><\/div>\n\n<\/div><\/div><\/main><!-- close content main element --><\/div><\/div><\/div><div id='av_section_2'  class='avia-section main_color avia-section-default avia-no-shadow  avia-bg-style-scroll  avia-builder-el-2  el_after_av_section  avia-builder-el-last   container_wrap fullsize' style=' '  ><div class='container' ><div class='template-page content  av-content-full alpha units'><div class='post-entry post-entry-type-page post-entry-51'><div class='entry-content-wrapper clearfix'>\n<section class=\"av_textblock_section \"  itemscope=\"itemscope\" itemtype=\"https:\/\/schema.org\/CreativeWork\" ><div class='avia_textblock  '   itemprop=\"text\" ><p>Fundado en <strong>1993<\/strong>\u00a0por <strong>Francisco Hern\u00e1ndez <\/strong>y<strong> Elisabeth Vicente<\/strong>. Francisco Hern\u00e1ndez proven\u00eda de la empresa privada, durante varios a\u00f1os desarroll\u00f3 su labor en el departamento jur\u00eddico de varias empresas. Elisabeth Vicente proven\u00eda del mundo de la asesor\u00eda, con una dilatada experiencia en la prestaci\u00f3n de servicios a particulares y a PYMES.<strong> La uni\u00f3n de los conocimientos y de experiencias sirvi\u00f3 para iniciar una idea de negocio donde la proximidad al cliente fuese el esp\u00edritu que informase la actividad.<\/strong><\/p>\n<p>En <strong>1995<\/strong> y tras un crecimiento superior al esperado, se realiza el primer traslado, se habilita un peque\u00f1o piso en la calle Coll i Pujol 158, se adopta el nombre comercial de \u201c<strong>Asesor\u00eda Coll i Pujol<\/strong>\u201d. En este momento en el despacho trabajaban 4 personas en dos \u00e1reas, la <strong>jur\u00eddica y la asesor\u00eda<\/strong>.<\/p>\n<p>En el a\u00f1o <strong>2000<\/strong> y por la fuerte demanda de los clientes ya existentes, se abre el departamento de <strong>Administraci\u00f3n de Comunidades<\/strong> para prestar un servicio de calidad en el mundo de la administraci\u00f3n de fincas. La idea de proximidad al cliente segu\u00eda siendo el lema que informar\u00eda a esta nueva \u00e1rea. Se adopta como nombre comercial el que actualmente es el nombre de la empresa:\u201c<strong>Gabinete Jur\u00eddico Hern\u00e1ndez &amp; Vicente<\/strong>\u201d<\/p>\n<p>En el a\u00f1o <strong>2003<\/strong>, se realiza el \u00faltimo traslado y para ello se rehabilita una <strong>casa de principios del siglo XX<\/strong> en la calle Coll i Pujol 101; en la rehabilitaci\u00f3n se conservan todos los aspectos arquitect\u00f3nicos y decorativos originales de la casa que se pueden mantener. El personal en estas fechas era de 6 personas.<\/p>\n<p>En el a\u00f1o <strong>2005<\/strong> <strong>se ampl\u00edan las instalaciones<\/strong> y se anexa a la casa original, la casa colindante pasando de 150 metros cuadrados a 300 metros de despacho, oficinas y archivo.<\/p>\n<p>En el a\u00f1o <strong>2007 y tras un espectacular crecimiento<\/strong>, tanto en clientes como en personal y recursos, se determina la adopci\u00f3n de la forma societaria de Sociedad limitada.<\/p>\n<p>A\u00f1os m\u00e1s tarde se anex\u00f3 el resto de la casa contigua para poder crear una sala de juntas y una zona office para el personal.<\/p>\n<p>En la actualidad somos un <strong>equipo de 18 personas<\/strong>, con dos departamentos, el jur\u00eddico con 5 abogados en el que gestionamos un volumen importante de asuntos legales y el departamento de Administraci\u00f3n de Fincas, en el que gestionamos aproximadamente <strong>300 comunidades de propietarios y 200 pisos de alquiler<\/strong>. Seguimos creciendo, pero con el ideario de cercan\u00eda al cliente para ganarnos su confianza. Durante todos estos a\u00f1os no hemos dejado de implicarnos para establecer sistemas de control interno y mejorar d\u00eda a d\u00eda en la gesti\u00f3n.<\/p>\n<p><span style=\"color: #00695d!important;\">El futuro se nos plantea lleno de retos, y sabemos que podremos afrontarlos ya que contamos con un equipo humano muy cualificado con gran nivel de compromiso.<\/span><\/p>\n<\/div><\/section>\n\n","protected":false},"excerpt":{"rendered":"","protected":false},"author":1,"featured_media":0,"parent":0,"menu_order":0,"comment_status":"closed","ping_status":"closed","template":"","meta":[],"yoast_head":"<!-- This site is optimized with the Yoast SEO plugin v16.7 - https:\/\/yoast.com\/wordpress\/plugins\/seo\/ -->\n<title>Historia - Gabinete<\/title>\n<meta name=\"robots\" content=\"index, follow, max-snippet:-1, max-image-preview:large, max-video-preview:-1\" \/>\n<link rel=\"canonical\" href=\"https:\/\/gabinete.net\/es\/historia\/\" \/>\n<meta property=\"og:locale\" content=\"es_ES\" \/>\n<meta property=\"og:type\" content=\"article\" \/>\n<meta property=\"og:title\" content=\"Historia - Gabinete\" \/>\n<meta property=\"og:url\" content=\"https:\/\/gabinete.net\/es\/historia\/\" \/>\n<meta property=\"og:site_name\" content=\"Gabinete\" \/>\n<meta property=\"article:publisher\" content=\"https:\/\/www.facebook.com\/Gabinete-Jur%c3%addico-Hern%c3%a1ndez-Vicente-SL-850104825098234\/\" \/>\n<meta property=\"article:modified_time\" content=\"2025-11-12T10:49:28+00:00\" \/>\n<meta name=\"twitter:card\" content=\"summary_large_image\" \/>\n<meta name=\"twitter:label1\" content=\"Tiempo de lectura\" \/>\n\t<meta name=\"twitter:data1\" content=\"4 minutos\" \/>\n<script type=\"application\/ld+json\" class=\"yoast-schema-graph\">{\"@context\":\"https:\/\/schema.org\",\"@graph\":[{\"@type\":\"WebSite\",\"@id\":\"https:\/\/gabinete.net\/#website\",\"url\":\"https:\/\/gabinete.net\/\",\"name\":\"Gabinete\",\"description\":\"Otro sitio realizado con WordPress\",\"potentialAction\":[{\"@type\":\"SearchAction\",\"target\":{\"@type\":\"EntryPoint\",\"urlTemplate\":\"https:\/\/gabinete.net\/?s={search_term_string}\"},\"query-input\":\"required name=search_term_string\"}],\"inLanguage\":\"es\"},{\"@type\":\"WebPage\",\"@id\":\"https:\/\/gabinete.net\/es\/historia\/#webpage\",\"url\":\"https:\/\/gabinete.net\/es\/historia\/\",\"name\":\"Historia - Gabinete\",\"isPartOf\":{\"@id\":\"https:\/\/gabinete.net\/#website\"},\"datePublished\":\"2020-03-21T19:13:45+00:00\",\"dateModified\":\"2025-11-12T10:49:28+00:00\",\"breadcrumb\":{\"@id\":\"https:\/\/gabinete.net\/es\/historia\/#breadcrumb\"},\"inLanguage\":\"es\",\"potentialAction\":[{\"@type\":\"ReadAction\",\"target\":[\"https:\/\/gabinete.net\/es\/historia\/\"]}]},{\"@type\":\"BreadcrumbList\",\"@id\":\"https:\/\/gabinete.net\/es\/historia\/#breadcrumb\",\"itemListElement\":[{\"@type\":\"ListItem\",\"position\":1,\"name\":\"Inici\",\"item\":\"https:\/\/gabinete.net\/es\/\"},{\"@type\":\"ListItem\",\"position\":2,\"name\":\"Historia\"}]}]}<\/script>\n<!-- \/ Yoast SEO plugin. -->","yoast_head_json":{"title":"Historia - Gabinete","robots":{"index":"index","follow":"follow","max-snippet":"max-snippet:-1","max-image-preview":"max-image-preview:large","max-video-preview":"max-video-preview:-1"},"canonical":"https:\/\/gabinete.net\/es\/historia\/","og_locale":"es_ES","og_type":"article","og_title":"Historia - Gabinete","og_url":"https:\/\/gabinete.net\/es\/historia\/","og_site_name":"Gabinete","article_publisher":"https:\/\/www.facebook.com\/Gabinete-Jur%c3%addico-Hern%c3%a1ndez-Vicente-SL-850104825098234\/","article_modified_time":"2025-11-12T10:49:28+00:00","twitter_card":"summary_large_image","twitter_misc":{"Tiempo de lectura":"4 minutos"},"schema":{"@context":"https:\/\/schema.org","@graph":[{"@type":"WebSite","@id":"https:\/\/gabinete.net\/#website","url":"https:\/\/gabinete.net\/","name":"Gabinete","description":"Otro sitio realizado con WordPress","potentialAction":[{"@type":"SearchAction","target":{"@type":"EntryPoint","urlTemplate":"https:\/\/gabinete.net\/?s={search_term_string}"},"query-input":"required name=search_term_string"}],"inLanguage":"es"},{"@type":"WebPage","@id":"https:\/\/gabinete.net\/es\/historia\/#webpage","url":"https:\/\/gabinete.net\/es\/historia\/","name":"Historia - Gabinete","isPartOf":{"@id":"https:\/\/gabinete.net\/#website"},"datePublished":"2020-03-21T19:13:45+00:00","dateModified":"2025-11-12T10:49:28+00:00","breadcrumb":{"@id":"https:\/\/gabinete.net\/es\/historia\/#breadcrumb"},"inLanguage":"es","potentialAction":[{"@type":"ReadAction","target":["https:\/\/gabinete.net\/es\/historia\/"]}]},{"@type":"BreadcrumbList","@id":"https:\/\/gabinete.net\/es\/historia\/#breadcrumb","itemListElement":[{"@type":"ListItem","position":1,"name":"Inici","item":"https:\/\/gabinete.net\/es\/"},{"@type":"ListItem","position":2,"name":"Historia"}]}]}},"_links":{"self":[{"href":"https:\/\/gabinete.net\/es\/wp-json\/wp\/v2\/pages\/51"}],"collection":[{"href":"https:\/\/gabinete.net\/es\/wp-json\/wp\/v2\/pages"}],"about":[{"href":"https:\/\/gabinete.net\/es\/wp-json\/wp\/v2\/types\/page"}],"author":[{"embeddable":true,"href":"https:\/\/gabinete.net\/es\/wp-json\/wp\/v2\/users\/1"}],"replies":[{"embeddable":true,"href":"https:\/\/gabinete.net\/es\/wp-json\/wp\/v2\/comments?post=51"}],"version-history":[{"count":3,"href":"https:\/\/gabinete.net\/es\/wp-json\/wp\/v2\/pages\/51\/revisions"}],"predecessor-version":[{"id":2012,"href":"https:\/\/gabinete.net\/es\/wp-json\/wp\/v2\/pages\/51\/revisions\/2012"}],"wp:attachment":[{"href":"https:\/\/gabinete.net\/es\/wp-json\/wp\/v2\/media?parent=51"}],"curies":[{"name":"wp","href":"https:\/\/api.w.org\/{rel}","templated":true}]}}