{"id":54,"date":"2020-03-21T19:16:43","date_gmt":"2020-03-21T19:16:43","guid":{"rendered":"https:\/\/gabinete.net\/?page_id=54"},"modified":"2025-11-17T09:13:41","modified_gmt":"2025-11-17T09:13:41","slug":"servicios","status":"publish","type":"page","link":"https:\/\/gabinete.net\/es\/servicios\/","title":{"rendered":"Servicios"},"content":{"rendered":"<div id='av_section_1'  class='avia-section main_color avia-section-default avia-no-border-styling  avia-full-stretch av-section-color-overlay-active avia-bg-style-scroll  avia-builder-el-0  el_before_av_section  avia-builder-el-first   av-minimum-height av-minimum-height-custom  container_wrap fullsize' style='background-repeat: no-repeat; background-image: url(https:\/\/gabinete.net\/wp-content\/uploads\/2020\/03\/gabinete-servicios-main.jpg);background-attachment: scroll; background-position: center center;  '  data-section-bg-repeat='stretch'><div class='av-section-color-overlay-wrap'><div class='av-section-color-overlay' style='opacity: 0.4; background-color: #1a1a1a; '><\/div><div class='container' style='height:400px'><main  role=\"main\" itemprop=\"mainContentOfPage\"  class='template-page content  av-content-full alpha units'><div class='post-entry post-entry-type-page post-entry-54'><div class='entry-content-wrapper clearfix'>\n<div  style='padding-bottom:10px; color:#ffffff;font-size:55px;' class='av-special-heading av-special-heading-h1 custom-color-heading blockquote modern-quote modern-centered  avia-builder-el-1  avia-builder-el-no-sibling  av-inherit-size '><h1 class='av-special-heading-tag '  itemprop=\"headline\"  >\u00c1reas de trabajo<\/h1><div class ='av-subheading av-subheading_below av_custom_color ' style='font-size:22px;'><p>Departamentos jur\u00eddico, contable, inmobiliario y administraci\u00f3n de comunidades.<\/p>\n<\/div><div class='special-heading-border'><div class='special-heading-inner-border' style='border-color:#ffffff'><\/div><\/div><\/div>\n<\/div><\/div><\/main><!-- close content main element --><\/div><\/div><\/div><div id='av_section_2'  class='avia-section main_color avia-section-default avia-no-shadow  avia-bg-style-scroll  avia-builder-el-2  el_after_av_section  avia-builder-el-last   container_wrap fullsize' style=' '  ><div class='container' ><div class='template-page content  av-content-full alpha units'><div class='post-entry post-entry-type-page post-entry-54'><div class='entry-content-wrapper clearfix'>\n<div class=\"flex_column av_one_full  flex_column_div av-zero-column-padding first  avia-builder-el-3  avia-builder-el-no-sibling  \" style='border-radius:0px; '><div  class=\"tabcontainer   top_tab   avia-builder-el-4  avia-builder-el-no-sibling \">\n\n<section class=\"av_tab_section\"  itemscope=\"itemscope\" itemtype=\"https:\/\/schema.org\/CreativeWork\" ><div aria-controls=\"tab-id-1\" role=\"tab\" tabindex=\"0\" data-fake-id=\"#tab-id-1\" class=\"tab active_tab\"  itemprop=\"headline\" >Departamento jur\u00eddico<\/div>\n<div id=\"tab-id-1-container\" class=\"tab_content active_tab_content\" aria-hidden=\"false\">\n<div class=\"tab_inner_content invers-color\"  itemprop=\"text\" >\n<div class=\"flex_column av_two_third flex_column_div av-zero-column-padding first\" style=\"border-radius: 0px;\">\n<section class=\"av_textblock_section\">\n<div class=\"avia_textblock \">\n<p>Contamos con profesionales en cada una de las ramas del derecho, as\u00ed como profesionales especializados en reclamaci\u00f3n de indemnizaciones por los da\u00f1os producidos en accidentes de circulaci\u00f3n. Todo con el objetivo de velar por los derechos de nuestros clientes.<\/p>\n<hr style=\"margin-top: 20px;\" \/>\n<h5>Accidentes de tr\u00e1fico<\/h5>\n<ul>\n<li>Demandas civiles.<\/li>\n<li>Denuncias penales.<\/li>\n<li>Negociaci\u00f3n con compa\u00f1\u00edas<\/li>\n<\/ul>\n<h5>Derecho de familia<\/h5>\n<ul>\n<li>Separaciones y divorcios.<\/li>\n<li>Impagos de pensiones.<\/li>\n<li>Modificaci\u00f3n de convenios.<\/li>\n<li>Custodia de menores.<\/li>\n<\/ul>\n<h5>Derecho sucesorio<\/h5>\n<ul>\n<li>Declaraciones de herederos.<\/li>\n<li>Aceptaciones de herencias.<\/li>\n<li>Reclamaci\u00f3n de leg\u00edtimas.<\/li>\n<li>Testamentos.<\/li>\n<li>Divisi\u00f3n judicial de herencia.<\/li>\n<li>Solicitud de \u00faltimas voluntades.<\/li>\n<\/ul>\n<h5>Redacci\u00f3n de contratos<\/h5>\n<ul>\n<li>Contratos de alquiler.<\/li>\n<li>Contratos de compra-venta.<\/li>\n<li>Contratos de permuta.<\/li>\n<li>Contratos laborales.<\/li>\n<li>Contratos de arras.<\/li>\n<li>Contratos de donaci\u00f3n.<\/li>\n<\/ul>\n<h5>Reclamaciones<\/h5>\n<ul>\n<li>Responsabilidad civil.<\/li>\n<li>Impagados.<\/li>\n<li>Desahucios.<\/li>\n<li>Reclamaciones de deudas.<\/li>\n<li>Morosos.<\/li>\n<li>Embargos.<\/li>\n<li>Indemnizaciones.<\/li>\n<li>Defectos de construcci\u00f3n.<\/li>\n<li>Tercer\u00eda de dominio.<\/li>\n<li>Reclamaciones administrativas<\/li>\n<li>Mala praxis<\/li>\n<\/ul>\n<h5>Derecho laboral<\/h5>\n<ul>\n<li>Accidentes laborales.<\/li>\n<li>C.E.M.A.C.<\/li>\n<li>Despidos.<\/li>\n<li>Pensiones de invalidez.<\/li>\n<li>Inspecciones.<\/li>\n<li>Jubilaciones y viudedades.<\/li>\n<li>Constituci\u00f3n de Comunidades de Bienes.<\/li>\n<\/ul>\n<\/div>\n<\/section>\n<\/div>\n<div class=\"flex_column av_one_third flex_column_div av-zero-column-padding \" style=\"border-radius: 0px;\">\n<div class=\"avia-image-container av-styling- avia-builder-el-4 avia-builder-el-no-sibling avia-align-center \">\n<div class=\"avia-image-container-inner\"><img class=\"avia_image blackandwhite\" title=\"Consultoria legal i tribut\u00e0ria\" src=\"https:\/\/gabinete.net\/wp-content\/uploads\/2020\/03\/gabinete-servicios-juridico.jpg\" alt=\"\" \/><\/div>\n<\/div>\n<\/div>\n\n<\/div>\n<\/div>\n<\/section>\n\n<section class=\"av_tab_section\"  itemscope=\"itemscope\" itemtype=\"https:\/\/schema.org\/CreativeWork\" ><div aria-controls=\"tab-id-2\" role=\"tab\" tabindex=\"0\" data-fake-id=\"#tab-id-2\" class=\"tab \"  itemprop=\"headline\" > Administraci\u00f3n de Comunidades<\/div>\n<div id=\"tab-id-2-container\" class=\"tab_content \" aria-hidden=\"true\">\n<div class=\"tab_inner_content invers-color\"  itemprop=\"text\" >\n<div class=\"flex_column av_two_third flex_column_div av-zero-column-padding first\" style=\"border-radius: 0px;\">\n<section class=\"av_textblock_section\">\n<div class=\"avia_textblock \">\n<p>En Gabinete Jur\u00eddico Hern\u00e1ndez &amp; Vicente, S.L. prestamos servicios para una correcta y \u00e1gil gesti\u00f3n en la administraci\u00f3n de comunidades, gracias a la experiencia y profesionalidad de nuestro equipo dirigido por abogados.<\/p>\n<hr style=\"margin-top: 20px;\" \/>\n<ul>\n<li>Confecci\u00f3n, emisi\u00f3n y gesti\u00f3n de recibos.<\/li>\n<li>Control de impagados y devoluciones.<\/li>\n<li>Informaci\u00f3n sobre el estado de cuentas<\/li>\n<li>Notificaciones de los acuerdos mediante Acta a todos los propietarios cumpliendo la normativa.<\/li>\n<li>Llevanza de contabilidad.<\/li>\n<li>Demandas judiciales en reclamaci\u00f3n de deudas comunitarias.<\/li>\n<li>Gestiones ante organismos oficiales.<\/li>\n<li>Custodia de todos los documentos de la comunidad.<\/li>\n<li>Asesoramiento legal permanente.<\/li>\n<li>Constituci\u00f3n de comunidades.<\/li>\n<li>Preparaci\u00f3n y redacci\u00f3n de estatutos.<\/li>\n<li>Preparaci\u00f3n y redacci\u00f3n de normas de r\u00e9gimen interior.<\/li>\n<li>Gesti\u00f3n del personal al servicio de la comunidad.<\/li>\n<li>Asesoramiento t\u00e9cnico de aparejadores y arquitectos.<\/li>\n<\/ul>\n<\/div>\n<\/section>\n<\/div>\n<div class=\"flex_column av_one_third flex_column_div av-zero-column-padding \" style=\"border-radius: 0px;\">\n<div class=\"avia-image-container av-styling- avia-builder-el-4 avia-builder-el-no-sibling avia-align-center \">\n<div class=\"avia-image-container-inner\"><img class=\"avia_image blackandwhite\" title=\"Consultoria legal i tribut\u00e0ria\" src=\"https:\/\/gabinete.net\/wp-content\/uploads\/2016\/06\/juridico.jpg\" alt=\"Espai 114, el teu consultor de confian\u00e7a\" \/><\/div>\n<\/div>\n<\/div>\n\n<\/div>\n<\/div>\n<\/section>\n\n<section class=\"av_tab_section\"  itemscope=\"itemscope\" itemtype=\"https:\/\/schema.org\/CreativeWork\" ><div aria-controls=\"tab-id-3\" role=\"tab\" tabindex=\"0\" data-fake-id=\"#tab-id-3\" class=\"tab \"  itemprop=\"headline\" >Departamento gesti\u00f3n de alquileres<\/div>\n<div id=\"tab-id-3-container\" class=\"tab_content \" aria-hidden=\"true\">\n<div class=\"tab_inner_content invers-color\"  itemprop=\"text\" >\n<div class=\"flex_column av_two_third flex_column_div av-zero-column-padding first\" style=\"border-radius: 0px;\">\n<section class=\"av_textblock_section\">\n<div class=\"avia_textblock \">\n<hr style=\"margin-top: 20px;\" \/>\n<ul>\n<li>B\u00fasqueda de inquilinos solventes y\/o con avales.<\/li>\n<li>Gesti\u00f3n y contrataci\u00f3n de seguros para impagos de alquiler.<\/li>\n<li>Tramitaci\u00f3n de c\u00e9dulas de habitabilidad.<\/li>\n<li>Contratos de arrendamiento.<\/li>\n<li>Dep\u00f3sitos de fianzas en la Institut Catal\u00e0 del Sol. (INCASOL).<\/li>\n<li>Cobro de rentas.<\/li>\n<li>Seguimiento constante de la morosidad.<\/li>\n<li>Liquidaci\u00f3n mensual a la propiedad.<\/li>\n<li>Control de vencimientos de contratos para su renovaci\u00f3n.<\/li>\n<li>Asesoramiento jur\u00eddico.<\/li>\n<li>Revisiones y actualizaciones de renta.<\/li>\n<li>B\u00fasqueda de industriales para mantenimiento.<\/li>\n<li>En los locales, c\u00e1lculo y liquidaci\u00f3n de impuestos.<\/li>\n<\/ul>\n<\/div>\n<\/section>\n<\/div>\n<div class=\"flex_column av_one_third flex_column_div av-zero-column-padding \" style=\"border-radius: 0px;\">\n<div class=\"avia-image-container av-styling- avia-builder-el-4 avia-builder-el-no-sibling avia-align-center \">\n<div class=\"avia-image-container-inner\"><img class=\"avia_image blackandwhite\" title=\"Consultoria legal i tribut\u00e0ria\" src=\"https:\/\/gabinete.net\/wp-content\/uploads\/2016\/06\/juridico.jpg\" alt=\"Espai 114, el teu consultor de confian\u00e7a\" \/><\/div>\n<\/div>\n<\/div>\n\n<\/div>\n<\/div>\n<\/section>\n\n<\/div><\/div><\/p>\n","protected":false},"excerpt":{"rendered":"","protected":false},"author":1,"featured_media":0,"parent":0,"menu_order":0,"comment_status":"closed","ping_status":"closed","template":"","meta":[],"yoast_head":"<!-- This site is optimized with the Yoast SEO plugin v16.7 - https:\/\/yoast.com\/wordpress\/plugins\/seo\/ -->\n<title>Servicios - Gabinete<\/title>\n<meta name=\"robots\" content=\"index, follow, max-snippet:-1, max-image-preview:large, max-video-preview:-1\" \/>\n<link rel=\"canonical\" href=\"https:\/\/gabinete.net\/es\/servicios\/\" \/>\n<meta property=\"og:locale\" content=\"es_ES\" \/>\n<meta property=\"og:type\" content=\"article\" \/>\n<meta property=\"og:title\" content=\"Servicios - Gabinete\" \/>\n<meta property=\"og:url\" content=\"https:\/\/gabinete.net\/es\/servicios\/\" \/>\n<meta property=\"og:site_name\" content=\"Gabinete\" \/>\n<meta property=\"article:publisher\" content=\"https:\/\/www.facebook.com\/Gabinete-Jur%c3%addico-Hern%c3%a1ndez-Vicente-SL-850104825098234\/\" \/>\n<meta property=\"article:modified_time\" content=\"2025-11-17T09:13:41+00:00\" \/>\n<meta property=\"og:image\" content=\"https:\/\/gabinete.net\/wp-content\/uploads\/2020\/03\/gabinete-servicios-juridico.jpg\" \/>\n<meta name=\"twitter:card\" content=\"summary_large_image\" \/>\n<meta name=\"twitter:label1\" content=\"Tiempo de lectura\" \/>\n\t<meta name=\"twitter:data1\" content=\"4 minutos\" \/>\n<script type=\"application\/ld+json\" class=\"yoast-schema-graph\">{\"@context\":\"https:\/\/schema.org\",\"@graph\":[{\"@type\":\"WebSite\",\"@id\":\"https:\/\/gabinete.net\/#website\",\"url\":\"https:\/\/gabinete.net\/\",\"name\":\"Gabinete\",\"description\":\"Otro sitio realizado con WordPress\",\"potentialAction\":[{\"@type\":\"SearchAction\",\"target\":{\"@type\":\"EntryPoint\",\"urlTemplate\":\"https:\/\/gabinete.net\/?s={search_term_string}\"},\"query-input\":\"required name=search_term_string\"}],\"inLanguage\":\"es\"},{\"@type\":\"ImageObject\",\"@id\":\"https:\/\/gabinete.net\/es\/servicios\/#primaryimage\",\"inLanguage\":\"es\",\"url\":\"https:\/\/gabinete.net\/wp-content\/uploads\/2020\/03\/gabinete-servicios-juridico.jpg\",\"contentUrl\":\"https:\/\/gabinete.net\/wp-content\/uploads\/2020\/03\/gabinete-servicios-juridico.jpg\",\"width\":320,\"height\":690},{\"@type\":\"WebPage\",\"@id\":\"https:\/\/gabinete.net\/es\/servicios\/#webpage\",\"url\":\"https:\/\/gabinete.net\/es\/servicios\/\",\"name\":\"Servicios - Gabinete\",\"isPartOf\":{\"@id\":\"https:\/\/gabinete.net\/#website\"},\"primaryImageOfPage\":{\"@id\":\"https:\/\/gabinete.net\/es\/servicios\/#primaryimage\"},\"datePublished\":\"2020-03-21T19:16:43+00:00\",\"dateModified\":\"2025-11-17T09:13:41+00:00\",\"breadcrumb\":{\"@id\":\"https:\/\/gabinete.net\/es\/servicios\/#breadcrumb\"},\"inLanguage\":\"es\",\"potentialAction\":[{\"@type\":\"ReadAction\",\"target\":[\"https:\/\/gabinete.net\/es\/servicios\/\"]}]},{\"@type\":\"BreadcrumbList\",\"@id\":\"https:\/\/gabinete.net\/es\/servicios\/#breadcrumb\",\"itemListElement\":[{\"@type\":\"ListItem\",\"position\":1,\"name\":\"Inici\",\"item\":\"https:\/\/gabinete.net\/es\/\"},{\"@type\":\"ListItem\",\"position\":2,\"name\":\"Servicios\"}]}]}<\/script>\n<!-- \/ Yoast SEO plugin. -->","yoast_head_json":{"title":"Servicios - Gabinete","robots":{"index":"index","follow":"follow","max-snippet":"max-snippet:-1","max-image-preview":"max-image-preview:large","max-video-preview":"max-video-preview:-1"},"canonical":"https:\/\/gabinete.net\/es\/servicios\/","og_locale":"es_ES","og_type":"article","og_title":"Servicios - Gabinete","og_url":"https:\/\/gabinete.net\/es\/servicios\/","og_site_name":"Gabinete","article_publisher":"https:\/\/www.facebook.com\/Gabinete-Jur%c3%addico-Hern%c3%a1ndez-Vicente-SL-850104825098234\/","article_modified_time":"2025-11-17T09:13:41+00:00","og_image":[{"url":"https:\/\/gabinete.net\/wp-content\/uploads\/2020\/03\/gabinete-servicios-juridico.jpg"}],"twitter_card":"summary_large_image","twitter_misc":{"Tiempo de lectura":"4 minutos"},"schema":{"@context":"https:\/\/schema.org","@graph":[{"@type":"WebSite","@id":"https:\/\/gabinete.net\/#website","url":"https:\/\/gabinete.net\/","name":"Gabinete","description":"Otro sitio realizado con WordPress","potentialAction":[{"@type":"SearchAction","target":{"@type":"EntryPoint","urlTemplate":"https:\/\/gabinete.net\/?s={search_term_string}"},"query-input":"required name=search_term_string"}],"inLanguage":"es"},{"@type":"ImageObject","@id":"https:\/\/gabinete.net\/es\/servicios\/#primaryimage","inLanguage":"es","url":"https:\/\/gabinete.net\/wp-content\/uploads\/2020\/03\/gabinete-servicios-juridico.jpg","contentUrl":"https:\/\/gabinete.net\/wp-content\/uploads\/2020\/03\/gabinete-servicios-juridico.jpg","width":320,"height":690},{"@type":"WebPage","@id":"https:\/\/gabinete.net\/es\/servicios\/#webpage","url":"https:\/\/gabinete.net\/es\/servicios\/","name":"Servicios - Gabinete","isPartOf":{"@id":"https:\/\/gabinete.net\/#website"},"primaryImageOfPage":{"@id":"https:\/\/gabinete.net\/es\/servicios\/#primaryimage"},"datePublished":"2020-03-21T19:16:43+00:00","dateModified":"2025-11-17T09:13:41+00:00","breadcrumb":{"@id":"https:\/\/gabinete.net\/es\/servicios\/#breadcrumb"},"inLanguage":"es","potentialAction":[{"@type":"ReadAction","target":["https:\/\/gabinete.net\/es\/servicios\/"]}]},{"@type":"BreadcrumbList","@id":"https:\/\/gabinete.net\/es\/servicios\/#breadcrumb","itemListElement":[{"@type":"ListItem","position":1,"name":"Inici","item":"https:\/\/gabinete.net\/es\/"},{"@type":"ListItem","position":2,"name":"Servicios"}]}]}},"_links":{"self":[{"href":"https:\/\/gabinete.net\/es\/wp-json\/wp\/v2\/pages\/54"}],"collection":[{"href":"https:\/\/gabinete.net\/es\/wp-json\/wp\/v2\/pages"}],"about":[{"href":"https:\/\/gabinete.net\/es\/wp-json\/wp\/v2\/types\/page"}],"author":[{"embeddable":true,"href":"https:\/\/gabinete.net\/es\/wp-json\/wp\/v2\/users\/1"}],"replies":[{"embeddable":true,"href":"https:\/\/gabinete.net\/es\/wp-json\/wp\/v2\/comments?post=54"}],"version-history":[{"count":5,"href":"https:\/\/gabinete.net\/es\/wp-json\/wp\/v2\/pages\/54\/revisions"}],"predecessor-version":[{"id":2061,"href":"https:\/\/gabinete.net\/es\/wp-json\/wp\/v2\/pages\/54\/revisions\/2061"}],"wp:attachment":[{"href":"https:\/\/gabinete.net\/es\/wp-json\/wp\/v2\/media?parent=54"}],"curies":[{"name":"wp","href":"https:\/\/api.w.org\/{rel}","templated":true}]}}